{"id":6,"date":"2021-04-11T20:30:17","date_gmt":"2021-04-11T20:30:17","guid":{"rendered":"https:\/\/fiip.eu\/?page_id=6"},"modified":"2021-05-09T07:00:09","modified_gmt":"2021-05-09T07:00:09","slug":"willkommen-auf-https-fiip-eu-2","status":"publish","type":"page","link":"https:\/\/fiip.eu\/","title":{"rendered":"Willkommen"},"content":{"rendered":"\n<p><strong>Willkommen auf der Internetseite F<\/strong>oto<strong> I<\/strong>nternet<strong> I<\/strong>nformatik<strong> P<\/strong>\u00fctz<strong>er kurz <em>FiiP.eu<\/em><\/strong><br><br>Gerne  biete ich Ihnen unterschiedliche Dienstleistungen aus den Bereiche Foto, Internet und Informatik an.<\/p>\n\n\n\n<p><strong>Foto<\/strong><\/p>\n\n\n\n<p>M\u00f6chten Sie Ihre Feier in Fotos festgehalten und suchen hierf\u00fcr einen Fotografen. Gerne begleite ich Sie fotographisch w\u00e4hrend Ihrer Hochzeit, Geburtstag oder anderen Veranstaltung.<\/p>\n\n\n\n<p>Ben\u00f6tigen Sie Bilder f\u00fcr Ihre Internetseite? Wir bieten Ihnen Nutzungsrechte auf unterschiedlicher Bilder aus Natur und Umgebung. <em>(Der Shop ist leider noch im Aufbau!)<\/em>. Gerne erstelle ich f\u00fcr Sie zugeschnitten Bilder in Ihrem Auftrag.<br><br><strong>Internet<\/strong><\/p>\n\n\n\n<p>Als gemeinn\u00fctziger Verein und kleines Unternehmen suchen Sie Beratung und Hilfe bei der Erstellung und Administration Ihrer Internetpr\u00e4sentation in WordPress oder Joomla? Dann k\u00f6nnen wir Ihnen sicherlich weiter helfen.<\/p>\n\n\n\n<p><strong>Informatik<\/strong><\/p>\n\n\n\n<p>Sie haben eine Idee f\u00fcr eine Softwarel\u00f6sung und ben\u00f6tigen Unterst\u00fctzung bei dessen Umsetzung? Dann sprechen Sie uns einfach an.<\/p>\n\n\n\n<p><strong>Tauchen<\/strong><\/p>\n\n\n\n<p>M\u00f6chten Sie einen Tauchschein nach DTSA erwerben und habe Probleme beim Aufbereiten des theoretischen Grundlagen. Gerne unterst\u00fctze ich Sie bei der Vorbereitung auf die theoretische Pr\u00fcfung f\u00fcr den Kindertauchschein, dem Basic Diver und DTSA*. <\/p>\n\n\n\n<p>Eine vollst\u00e4ndige Tauchausbildung mache ich jedoch nur im Rahmen meiner ehrenamtlichen T\u00e4tigkeit im <a href=\"http:\/\/TSC-Bietigheim.com\" data-type=\"URL\" data-id=\"TSC-Bietigheim.com\">Tauch-Sport-Club Bietigheim e.V<\/a>. f\u00fcr dessen Mitglieder.<br><\/p>\n","protected":false},"excerpt":{"rendered":"<p>Willkommen auf der Internetseite Foto Internet Informatik P\u00fctzer kurz FiiP.eu Gerne biete ich Ihnen unterschiedliche Dienstleistungen aus den Bereiche Foto, Internet und Informatik an. Foto M\u00f6chten Sie Ihre Feier in Fotos festgehalten und suchen hierf\u00fcr einen Fotografen. Gerne begleite ich Sie fotographisch w\u00e4hrend Ihrer Hochzeit, Geburtstag oder anderen Veranstaltung. Ben\u00f6tigen Sie Bilder f\u00fcr Ihre Internetseite? [&hellip;]<\/p>\n","protected":false},"author":1,"featured_media":0,"parent":0,"menu_order":0,"comment_status":"closed","ping_status":"open","template":"","meta":{"footnotes":""},"class_list":["post-6","page","type-page","status-publish","hentry"],"_links":{"self":[{"href":"https:\/\/fiip.eu\/index.php?rest_route=\/wp\/v2\/pages\/6","targetHints":{"allow":["GET"]}}],"collection":[{"href":"https:\/\/fiip.eu\/index.php?rest_route=\/wp\/v2\/pages"}],"about":[{"href":"https:\/\/fiip.eu\/index.php?rest_route=\/wp\/v2\/types\/page"}],"author":[{"embeddable":true,"href":"https:\/\/fiip.eu\/index.php?rest_route=\/wp\/v2\/users\/1"}],"replies":[{"embeddable":true,"href":"https:\/\/fiip.eu\/index.php?rest_route=%2Fwp%2Fv2%2Fcomments&post=6"}],"version-history":[{"count":10,"href":"https:\/\/fiip.eu\/index.php?rest_route=\/wp\/v2\/pages\/6\/revisions"}],"predecessor-version":[{"id":178,"href":"https:\/\/fiip.eu\/index.php?rest_route=\/wp\/v2\/pages\/6\/revisions\/178"}],"wp:attachment":[{"href":"https:\/\/fiip.eu\/index.php?rest_route=%2Fwp%2Fv2%2Fmedia&parent=6"}],"curies":[{"name":"wp","href":"https:\/\/api.w.org\/{rel}","templated":true}]}}